{"id":4891,"date":"2019-09-12T19:26:22","date_gmt":"2019-09-12T17:26:22","guid":{"rendered":"https:\/\/evolmk.com\/contact\/"},"modified":"2026-01-23T13:13:00","modified_gmt":"2026-01-23T11:13:00","slug":"contact","status":"publish","type":"page","link":"https:\/\/evolmk.com\/en\/contact\/","title":{"rendered":"Contact"},"content":{"rendered":"<p>[vc_section][vc_row full_width=&#8221;stretch_row_content&#8221; content_placement=&#8221;top&#8221; css=&#8221;.vc_custom_1587480487744{padding-right: 10% !important;padding-left: 10% !important;}&#8221;][vc_column width=&#8221;1\/2&#8243;][vc_column_text css_animation=&#8221;fadeInUp&#8221; css=&#8221;.vc_custom_1758642082561{margin-top: 50px !important;}&#8221;]<\/p>\n<h1 style=\"font-size: 40px;\"><span style=\"color: #505050;\"><span style=\"color: #00b170;\">contacta<\/span> con nuestra agencia de marketing digital<\/span><span style=\"color: #00b170; font-size: 40px;\">.<\/span><\/h1>\n<h2 style=\"font-size: 40px;\"><span style=\"color: #505050;\"><span style=\"color: #00b170;\">evol<\/span> marketing<\/span><span style=\"color: #00b170; font-size: 40px;\">.<\/span><\/h2>\n<p>[\/vc_column_text][vc_column_text css=&#8221;.vc_custom_1587802446036{margin-top: 50px !important;}&#8221;]Tu agencia de marketing online, puedes encontrarnos en la ubicaci\u00f3n se\u00f1alada en el mapa. No dudes en ponerte en contacto con nosotros para ayudarte a conseguir tu pr\u00f3ximo objetivo.[\/vc_column_text][vc_gmaps link=&#8221;#E-8_JTNDaWZyYW1lJTIwc3JjJTNEJTIyaHR0cHMlM0ElMkYlMkZ3d3cuZ29vZ2xlLmNvbSUyRm1hcHMlMkZlbWJlZCUzRnBiJTNEJTIxMW0xOCUyMTFtMTIlMjExbTMlMjExZDMxMzIuNjU2Nzg3MTgyNDI1JTIxMmQtMC43MDA3MDAwODM5NTI2ODk5JTIxM2QzOC4yNjQyNjUzOTE2MTcyNSUyMTJtMyUyMTFmMCUyMTJmMCUyMTNmMCUyMTNtMiUyMTFpMTAyNCUyMTJpNzY4JTIxNGYxMy4xJTIxM20zJTIxMW0yJTIxMXMweGQ2M2I3MTgyNjk0ZmVhNyUyNTNBMHg0MTFhOTZiYTcxMzFkODQ4JTIxMnMlMjVFMiUyNTlDJTI1ODUlMjUyMGV2b2wlMjUyMG1hcmtldGluZyUyNTIwJTI1N0MlMjUyMEFnZW5jaWElMjUyMGRlJTI1MjBNYXJrZXRpbmclMjUyMERpZ2l0YWwlMjE1ZTAlMjEzbTIlMjExc2VzJTIxMnNlcyUyMTR2MTU4NzQ3ODQ4NjQ5NCUyMTVtMiUyMTFzZXMlMjEyc2VzJTIyJTIwd2lkdGglM0QlMjI2MDAlMjIlMjBoZWlnaHQlM0QlMjI0NTAlMjIlMjBmcmFtZWJvcmRlciUzRCUyMjAlMjIlMjBzdHlsZSUzRCUyMmJvcmRlciUzQTAlM0IlMjIlMjBhbGxvd2Z1bGxzY3JlZW4lM0QlMjIlMjIlMjBhcmlhLWhpZGRlbiUzRCUyMmZhbHNlJTIyJTIwdGFiaW5kZXglM0QlMjIwJTIyJTNFYWdlbmNpYSUyMGRlJTIwbWFya2V0aW5nJTJDJTIwcmVkZXMlMjBzb2NpYWxlcyUyQyUyMHAlQzMlQTFnaW5hcyUyMHdlYiUyQyUyMHB1YmxpY2lkYWQlMjBvbmxpbmUlMjAlM0MlMkZpZnJhbWUlM0U=&#8221;][ut_accordion border_color=&#8221;#c4c4c4&#8243;][ut_accordion_item label=&#8221;Parkings m\u00e1s cercanos a Evol Marketing&#8221;]<iframe style=\"border: 0;\" src=\"https:\/\/storage.googleapis.com\/maps-solutions-fm8cqi4d98\/neighborhood-discovery\/x3zu\/neighborhood-discovery.html\" width=\"600px\" height=\"550px\"><br \/>\n<\/iframe>[\/ut_accordion_item][\/ut_accordion][\/vc_column][vc_column width=&#8221;1\/2&#8243; css=&#8221;.vc_custom_1587480455523{padding-right: 10% !important;padding-left: 10% !important;}&#8221;][vc_column_text css_animation=&#8221;fadeInUp&#8221; css=&#8221;.vc_custom_1724431447599{margin-top: 50px !important;}&#8221;]<\/p>\n<h2 style=\"font-size: 40px;\"><span style=\"color: #505050;\">juntos, alcanzamos <span style=\"color: #00b170;\">tus objetivos.<\/span><\/span><\/h2>\n<p>[\/vc_column_text][vc_column_text]<\/p>\n<ul class=\"fa-ul\">\n<li><i class=\"fa-li fa fa-phone\"><\/i><span style=\"color: #00b170;\"><a style=\"color: #00b170;\" href=\"tel:643449433\">+34 643 449 433<\/a><\/span><\/li>\n<li><i class=\"fa-li fa fa-map-marker\"><\/i>Travessia de les Barques, 3 &#8211; 1\u00ba, 03203, Elche (Alicante)<\/li>\n<\/ul>\n<p>[\/vc_column_text][vc_column_text]<\/p>\n<ul class=\"fa-ul\">\n<li><i class=\"fa-li fa fa-envelope-o\"><\/i><span style=\"color: #00b170;\"><a style=\"color: #00b170;\" href=\"mailto:contacto@evolmk.com\">contacto@evolmk.com<\/a><\/span><\/li>\n<li><i class=\"fa-li fa fa-clock-o\"><\/i>Lunes a Jueves: 08:30 &#8211; 17:30<\/li>\n<li>Viernes: 08:30 &#8211; 14:30<\/li>\n<\/ul>\n<p>[\/vc_column_text][vc_column_text]<\/p>\n<ul class=\"fa-ul\">\n<li><i class=\"fa-li fas fa-video\"><\/i><span style=\"color: #00b170;\"><a style=\"color: #00b170;\" href=\"#popmake-3984\">Videoconferencia<\/a><\/span><\/li>\n<li>Escoge hora y agenda una cita.<\/li>\n<\/ul>\n<p>[\/vc_column_text][vc_column_text css_animation=&#8221;fadeInUp&#8221; css=&#8221;.vc_custom_1724429532267{padding-bottom: 0px !important;}&#8221;]<span style=\"color: #808080;\">Ponte en contacto a trav\u00e9s del siguiente formulario de contacto, \u00a1nuestro equipo te atender\u00e1 en la mayor brevedad posible!<\/span>[\/vc_column_text][ut_c7_shortcode form_id=&#8221;1377&#8243;][\/vc_column][\/vc_row][\/vc_section][vc_row content_placement=&#8221;middle&#8221; css=&#8221;.vc_custom_1690903605618{padding-top: 30px !important;padding-bottom: 0px !important;background-color: #00b170 !important;}&#8221; el_class=&#8221;fondo-degradado-radial&#8221;][vc_column width=&#8221;1\/2&#8243; css=&#8221;.vc_custom_1643451300100{margin-top: 0px !important;margin-bottom: 0px !important;padding-top: 0px !important;padding-bottom: 0px !important;}&#8221;][vc_column_text css=&#8221;.vc_custom_1690903422216{margin-bottom: 30px !important;padding-bottom: 0px !important;}&#8221; el_class=&#8221;auditoria-seo-texto&#8221;]<\/p>\n<p style=\"text-align: center; font-size: 30px;\"><span style=\"color: #ffffff;\"><span style=\"text-align: center;\"> \u00a1Descarga nuestro Dossier de empresa aqu\u00ed!<\/span><\/span><\/p>\n<p>[\/vc_column_text][\/vc_column][vc_column width=&#8221;1\/2&#8243;][ut_btn button_add_icon=&#8221;yes&#8221; button_icon_type=&#8221;fontawesome&#8221; button_icon_size=&#8221;21&#8243; button_icon_align=&#8221;right&#8221; button_size=&#8221;bklyn-btn-large&#8221; button_align_tablet=&#8221;center&#8221; font_weight=&#8221;bold&#8221; text_transform=&#8221;none&#8221; button_text=&#8221;Download&#8221; button_link=&#8221;url:https%3A%2F%2Fdrive.google.com%2Ffile%2Fd%2F1lPPPzRJIPOSgHDQx9knkCQkzwDZhBi6F%2Fview|title:Descargar%20Dossier%20de%20Empresa|target:%20_blank|&#8221; button_text_color=&#8221;#ffffff&#8221; button_background=&#8221;#000000&#8243; class=&#8221;boton-dossier&#8221; button_icon=&#8221;fa fa-angle-down&#8221; button_text_color_hover=&#8221;#ffffff&#8221; button_background_hover=&#8221;#000000&#8243;][\/vc_column][\/vc_row]<\/p>\n","protected":false},"excerpt":{"rendered":"<p>[vc_section][vc_row full_width=&#8221;stretch_row_content&#8221; content_placement=&#8221;top&#8221; css=&#8221;.vc_custom_1587480487744{padding-right: 10% !important;padding-left: 10% !important;}&#8221;][vc_column width=&#8221;1\/2&#8243;][vc_column_text css_animation=&#8221;fadeInUp&#8221; css=&#8221;.vc_custom_1758642082561{margin-top: 50px !important;}&#8221;] contacta con nuestra agencia de marketing digital. evol marketing. [\/vc_column_text][vc_column_text css=&#8221;.vc_custom_1587802446036{margin-top: 50px !important;}&#8221;]Tu agencia de marketing online, puedes encontrarnos en la ubicaci\u00f3n se\u00f1alada en el mapa. No dudes en ponerte en contacto con nosotros para ayudarte a conseguir tu pr\u00f3ximo objetivo.[\/vc_column_text][vc_gmaps link=&#8221;#E-8_JTNDaWZyYW1lJTIwc3JjJTNEJTIyaHR0cHMlM0ElMkYlMkZ3d3cuZ29vZ2xlLmNvbSUyRm1hcHMlMkZlbWJlZCUzRnBiJTNEJTIxMW0xOCUyMTFtMTIlMjExbTMlMjExZDMxMzIuNjU2Nzg3MTgyNDI1JTIxMmQtMC43MDA3MDAwODM5NTI2ODk5JTIxM2QzOC4yNjQyNjUzOTE2MTcyNSUyMTJtMyUyMTFmMCUyMTJmMCUyMTNmMCUyMTNtMiUyMTFpMTAyNCUyMTJpNzY4JTIxNGYxMy4xJTIxM20zJTIxMW0yJTIxMXMweGQ2M2I3MTgyNjk0ZmVhNyUyNTNBMHg0MTFhOTZiYTcxMzFkODQ4JTIxMnMlMjVFMiUyNTlDJTI1ODUlMjUyMGV2b2wlMjUyMG1hcmtldGluZyUyNTIwJTI1N0MlMjUyMEFnZW5jaWElMjUyMGRlJTI1MjBNYXJrZXRpbmclMjUyMERpZ2l0YWwlMjE1ZTAlMjEzbTIlMjExc2VzJTIxMnNlcyUyMTR2MTU4NzQ3ODQ4NjQ5NCUyMTVtMiUyMTFzZXMlMjEyc2VzJTIyJTIwd2lkdGglM0QlMjI2MDAlMjIlMjBoZWlnaHQlM0QlMjI0NTAlMjIlMjBmcmFtZWJvcmRlciUzRCUyMjAlMjIlMjBzdHlsZSUzRCUyMmJvcmRlciUzQTAlM0IlMjIlMjBhbGxvd2Z1bGxzY3JlZW4lM0QlMjIlMjIlMjBhcmlhLWhpZGRlbiUzRCUyMmZhbHNlJTIyJTIwdGFiaW5kZXglM0QlMjIwJTIyJTNFYWdlbmNpYSUyMGRlJTIwbWFya2V0aW5nJTJDJTIwcmVkZXMlMjBzb2NpYWxlcyUyQyUyMHAlQzMlQTFnaW5hcyUyMHdlYiUyQyUyMHB1YmxpY2lkYWQlMjBvbmxpbmUlMjAlM0MlMkZpZnJhbWUlM0U=&#8221;][ut_accordion [&hellip;]<\/p>\n","protected":false},"author":1,"featured_media":4811,"parent":0,"menu_order":0,"comment_status":"closed","ping_status":"closed","template":"","meta":{"footnotes":""},"class_list":["post-4891","page","type-page","status-publish","has-post-thumbnail","hentry"],"yoast_head":"<!-- This site is optimized with the Yoast SEO Premium plugin v25.1 (Yoast SEO v25.1) - https:\/\/yoast.com\/wordpress\/plugins\/seo\/ -->\n<title>\u25b7Contact Digital Marketing Agency Advertising for Companies<\/title>\n<meta name=\"description\" content=\"Contact our Digital Marketing Agency. We are the Advertising and Communication Company for Brands and Businesses you are looking for\" \/>\n<meta name=\"robots\" content=\"index, follow, max-snippet:-1, max-image-preview:large, max-video-preview:-1\" \/>\n<link rel=\"canonical\" href=\"https:\/\/evolmk.com\/en\/contact\/\" \/>\n<meta property=\"og:locale\" content=\"en_US\" \/>\n<meta property=\"og:type\" content=\"article\" \/>\n<meta property=\"og:title\" content=\"Contact\" \/>\n<meta property=\"og:description\" content=\"Contact our Digital Marketing Agency. We are the Advertising and Communication Company for Brands and Businesses you are looking for\" \/>\n<meta property=\"og:url\" content=\"https:\/\/evolmk.com\/en\/contact\/\" \/>\n<meta property=\"og:site_name\" content=\"Evol Marketing | Agencia Marketing Digital Elche\" \/>\n<meta property=\"article:publisher\" content=\"https:\/\/www.facebook.com\/evolmarketingdigital\" \/>\n<meta property=\"article:modified_time\" content=\"2026-01-23T11:13:00+00:00\" \/>\n<meta property=\"og:image\" content=\"https:\/\/evolmk.com\/wp-content\/uploads\/2024\/02\/Rotulacion-Autocaravanas-3.jpg\" \/>\n\t<meta property=\"og:image:width\" content=\"600\" \/>\n\t<meta property=\"og:image:height\" content=\"600\" \/>\n\t<meta property=\"og:image:type\" content=\"image\/jpeg\" \/>\n<meta name=\"twitter:card\" content=\"summary_large_image\" \/>\n<meta name=\"twitter:label1\" content=\"Est. reading time\" \/>\n\t<meta name=\"twitter:data1\" content=\"2 minutes\" \/>\n<script type=\"application\/ld+json\" class=\"yoast-schema-graph\">{\"@context\":\"https:\/\/schema.org\",\"@graph\":[{\"@type\":\"WebPage\",\"@id\":\"https:\/\/evolmk.com\/en\/contact\/\",\"url\":\"https:\/\/evolmk.com\/en\/contact\/\",\"name\":\"\u25b7Contact Digital Marketing Agency Advertising for Companies\",\"isPartOf\":{\"@id\":\"https:\/\/evolmk.com\/en\/#website\"},\"primaryImageOfPage\":{\"@id\":\"https:\/\/evolmk.com\/en\/contact\/#primaryimage\"},\"image\":{\"@id\":\"https:\/\/evolmk.com\/en\/contact\/#primaryimage\"},\"thumbnailUrl\":\"https:\/\/evolmk.com\/wp-content\/uploads\/2024\/02\/Rotulacion-Autocaravanas-3.jpg\",\"datePublished\":\"2019-09-12T17:26:22+00:00\",\"dateModified\":\"2026-01-23T11:13:00+00:00\",\"description\":\"Contact our Digital Marketing Agency. We are the Advertising and Communication Company for Brands and Businesses you are looking for\",\"breadcrumb\":{\"@id\":\"https:\/\/evolmk.com\/en\/contact\/#breadcrumb\"},\"inLanguage\":\"en-US\",\"potentialAction\":[{\"@type\":\"ReadAction\",\"target\":[\"https:\/\/evolmk.com\/en\/contact\/\"]}]},{\"@type\":\"ImageObject\",\"inLanguage\":\"en-US\",\"@id\":\"https:\/\/evolmk.com\/en\/contact\/#primaryimage\",\"url\":\"https:\/\/evolmk.com\/wp-content\/uploads\/2024\/02\/Rotulacion-Autocaravanas-3.jpg\",\"contentUrl\":\"https:\/\/evolmk.com\/wp-content\/uploads\/2024\/02\/Rotulacion-Autocaravanas-3.jpg\",\"width\":600,\"height\":600},{\"@type\":\"BreadcrumbList\",\"@id\":\"https:\/\/evolmk.com\/en\/contact\/#breadcrumb\",\"itemListElement\":[{\"@type\":\"ListItem\",\"position\":1,\"name\":\"Home\",\"item\":\"https:\/\/evolmk.com\/en\/\"},{\"@type\":\"ListItem\",\"position\":2,\"name\":\"Contact\"}]},{\"@type\":\"WebSite\",\"@id\":\"https:\/\/evolmk.com\/en\/#website\",\"url\":\"https:\/\/evolmk.com\/en\/\",\"name\":\"Evol Marketing | Agencia Marketing Digital Elche\",\"description\":\"Digital Marketing Agency specialized in client acquisition and conversion\",\"publisher\":{\"@id\":\"https:\/\/evolmk.com\/en\/#organization\"},\"potentialAction\":[{\"@type\":\"SearchAction\",\"target\":{\"@type\":\"EntryPoint\",\"urlTemplate\":\"https:\/\/evolmk.com\/en\/?s={search_term_string}\"},\"query-input\":{\"@type\":\"PropertyValueSpecification\",\"valueRequired\":true,\"valueName\":\"search_term_string\"}}],\"inLanguage\":\"en-US\"},{\"@type\":[\"Organization\",\"Place\",\"ProfessionalService\"],\"@id\":\"https:\/\/evolmk.com\/en\/#organization\",\"name\":\"Evol Marketing\",\"alternateName\":\"Evol Marketing Agencia de Publicidad y Comunicaci\u00f3n\",\"url\":\"https:\/\/evolmk.com\/en\/\",\"logo\":{\"@id\":\"https:\/\/evolmk.com\/en\/contact\/#local-main-organization-logo\"},\"image\":{\"@id\":\"https:\/\/evolmk.com\/en\/contact\/#local-main-organization-logo\"},\"sameAs\":[\"https:\/\/www.facebook.com\/evolmarketingdigital\",\"https:\/\/www.instagram.com\/evolmarketingdigital\",\"https:\/\/www.linkedin.com\/company\/evol-marketing\"],\"description\":\"We are a complete Marketing, Advertising, and Digital Transformation Agency for businesses, working hand in hand with your team to provide you with the best personalized marketing solutions and options from start to finish. We create positioning, advertising, and online sales strategies. We design and execute the corporate communication and image for your business. We work to ensure your company consistently gains a larger market share, more clients, and increased revenue. We implement digital solutions for companies. We are committed to delivering the best results. We are your trusted technological partner. We are your digital evolution.\",\"legalName\":\"Evol Marketing Agencia de Publicidad y Comunicaci\u00f3n\",\"foundingDate\":\"2017-07-01\",\"numberOfEmployees\":{\"@type\":\"QuantitativeValue\",\"minValue\":\"1\",\"maxValue\":\"10\"},\"address\":{\"@id\":\"https:\/\/evolmk.com\/en\/contact\/#local-main-place-address\"},\"geo\":{\"@type\":\"GeoCoordinates\",\"latitude\":\"38.2643043\",\"longitude\":\"0.701269\"},\"telephone\":[\"643449433\"],\"openingHoursSpecification\":[{\"@type\":\"OpeningHoursSpecification\",\"dayOfWeek\":[\"Monday\",\"Tuesday\",\"Wednesday\",\"Thursday\"],\"opens\":\"08:30\",\"closes\":\"17:30\"},{\"@type\":\"OpeningHoursSpecification\",\"dayOfWeek\":[\"Friday\"],\"opens\":\"08:30\",\"closes\":\"14:30\"},{\"@type\":\"OpeningHoursSpecification\",\"dayOfWeek\":[\"Saturday\",\"Sunday\"],\"opens\":\"00:00\",\"closes\":\"00:00\"}],\"email\":\"contacto@evolmk.com\",\"vatID\":\"74373880E\",\"currenciesAccepted\":\"\u20ac\",\"paymentAccepted\":\"Transferencia, Domiciliaci\u00f3n Bancaria, Efectivo\"},{\"@type\":\"PostalAddress\",\"@id\":\"https:\/\/evolmk.com\/en\/contact\/#local-main-place-address\",\"streetAddress\":\"Travessia de les Barques, 3 - 1\u00ba\",\"addressLocality\":\"Elche\",\"postalCode\":\"03203\",\"addressRegion\":\"Alicante\",\"addressCountry\":\"ES\"},{\"@type\":\"ImageObject\",\"inLanguage\":\"en-US\",\"@id\":\"https:\/\/evolmk.com\/en\/contact\/#local-main-organization-logo\",\"url\":\"https:\/\/evolmk.com\/wp-content\/uploads\/2017\/06\/evolmk-logo-horizontal-500x-2.png\",\"contentUrl\":\"https:\/\/evolmk.com\/wp-content\/uploads\/2017\/06\/evolmk-logo-horizontal-500x-2.png\",\"width\":1746,\"height\":464,\"caption\":\"Evol Marketing\"}]}<\/script>\n<meta name=\"geo.placename\" content=\"Elche\" \/>\n<meta name=\"geo.position\" content=\"38.2643043;0.701269\" \/>\n<meta name=\"geo.region\" content=\"Spain\" \/>\n<!-- \/ Yoast SEO Premium plugin. -->","yoast_head_json":{"title":"\u25b7Contact Digital Marketing Agency Advertising for Companies","description":"Contact our Digital Marketing Agency. We are the Advertising and Communication Company for Brands and Businesses you are looking for","robots":{"index":"index","follow":"follow","max-snippet":"max-snippet:-1","max-image-preview":"max-image-preview:large","max-video-preview":"max-video-preview:-1"},"canonical":"https:\/\/evolmk.com\/en\/contact\/","og_locale":"en_US","og_type":"article","og_title":"Contact","og_description":"Contact our Digital Marketing Agency. We are the Advertising and Communication Company for Brands and Businesses you are looking for","og_url":"https:\/\/evolmk.com\/en\/contact\/","og_site_name":"Evol Marketing | Agencia Marketing Digital Elche","article_publisher":"https:\/\/www.facebook.com\/evolmarketingdigital","article_modified_time":"2026-01-23T11:13:00+00:00","og_image":[{"width":600,"height":600,"url":"https:\/\/evolmk.com\/wp-content\/uploads\/2024\/02\/Rotulacion-Autocaravanas-3.jpg","type":"image\/jpeg"}],"twitter_card":"summary_large_image","twitter_misc":{"Est. reading time":"2 minutes"},"schema":{"@context":"https:\/\/schema.org","@graph":[{"@type":"WebPage","@id":"https:\/\/evolmk.com\/en\/contact\/","url":"https:\/\/evolmk.com\/en\/contact\/","name":"\u25b7Contact Digital Marketing Agency Advertising for Companies","isPartOf":{"@id":"https:\/\/evolmk.com\/en\/#website"},"primaryImageOfPage":{"@id":"https:\/\/evolmk.com\/en\/contact\/#primaryimage"},"image":{"@id":"https:\/\/evolmk.com\/en\/contact\/#primaryimage"},"thumbnailUrl":"https:\/\/evolmk.com\/wp-content\/uploads\/2024\/02\/Rotulacion-Autocaravanas-3.jpg","datePublished":"2019-09-12T17:26:22+00:00","dateModified":"2026-01-23T11:13:00+00:00","description":"Contact our Digital Marketing Agency. We are the Advertising and Communication Company for Brands and Businesses you are looking for","breadcrumb":{"@id":"https:\/\/evolmk.com\/en\/contact\/#breadcrumb"},"inLanguage":"en-US","potentialAction":[{"@type":"ReadAction","target":["https:\/\/evolmk.com\/en\/contact\/"]}]},{"@type":"ImageObject","inLanguage":"en-US","@id":"https:\/\/evolmk.com\/en\/contact\/#primaryimage","url":"https:\/\/evolmk.com\/wp-content\/uploads\/2024\/02\/Rotulacion-Autocaravanas-3.jpg","contentUrl":"https:\/\/evolmk.com\/wp-content\/uploads\/2024\/02\/Rotulacion-Autocaravanas-3.jpg","width":600,"height":600},{"@type":"BreadcrumbList","@id":"https:\/\/evolmk.com\/en\/contact\/#breadcrumb","itemListElement":[{"@type":"ListItem","position":1,"name":"Home","item":"https:\/\/evolmk.com\/en\/"},{"@type":"ListItem","position":2,"name":"Contact"}]},{"@type":"WebSite","@id":"https:\/\/evolmk.com\/en\/#website","url":"https:\/\/evolmk.com\/en\/","name":"Evol Marketing | Agencia Marketing Digital Elche","description":"Digital Marketing Agency specialized in client acquisition and conversion","publisher":{"@id":"https:\/\/evolmk.com\/en\/#organization"},"potentialAction":[{"@type":"SearchAction","target":{"@type":"EntryPoint","urlTemplate":"https:\/\/evolmk.com\/en\/?s={search_term_string}"},"query-input":{"@type":"PropertyValueSpecification","valueRequired":true,"valueName":"search_term_string"}}],"inLanguage":"en-US"},{"@type":["Organization","Place","ProfessionalService"],"@id":"https:\/\/evolmk.com\/en\/#organization","name":"Evol Marketing","alternateName":"Evol Marketing Agencia de Publicidad y Comunicaci\u00f3n","url":"https:\/\/evolmk.com\/en\/","logo":{"@id":"https:\/\/evolmk.com\/en\/contact\/#local-main-organization-logo"},"image":{"@id":"https:\/\/evolmk.com\/en\/contact\/#local-main-organization-logo"},"sameAs":["https:\/\/www.facebook.com\/evolmarketingdigital","https:\/\/www.instagram.com\/evolmarketingdigital","https:\/\/www.linkedin.com\/company\/evol-marketing"],"description":"We are a complete Marketing, Advertising, and Digital Transformation Agency for businesses, working hand in hand with your team to provide you with the best personalized marketing solutions and options from start to finish. We create positioning, advertising, and online sales strategies. We design and execute the corporate communication and image for your business. We work to ensure your company consistently gains a larger market share, more clients, and increased revenue. We implement digital solutions for companies. We are committed to delivering the best results. We are your trusted technological partner. We are your digital evolution.","legalName":"Evol Marketing Agencia de Publicidad y Comunicaci\u00f3n","foundingDate":"2017-07-01","numberOfEmployees":{"@type":"QuantitativeValue","minValue":"1","maxValue":"10"},"address":{"@id":"https:\/\/evolmk.com\/en\/contact\/#local-main-place-address"},"geo":{"@type":"GeoCoordinates","latitude":"38.2643043","longitude":"0.701269"},"telephone":["643449433","643449433"],"openingHoursSpecification":[{"@type":"OpeningHoursSpecification","dayOfWeek":["Monday","Tuesday","Wednesday","Thursday"],"opens":"08:30","closes":"17:30"},{"@type":"OpeningHoursSpecification","dayOfWeek":["Friday"],"opens":"08:30","closes":"14:30"},{"@type":"OpeningHoursSpecification","dayOfWeek":["Saturday","Sunday"],"opens":"00:00","closes":"00:00"}],"email":"contacto@evolmk.com","vatID":"74373880E","currenciesAccepted":"\u20ac","paymentAccepted":"Transferencia, Domiciliaci\u00f3n Bancaria, Efectivo"},{"@type":"PostalAddress","@id":"https:\/\/evolmk.com\/en\/contact\/#local-main-place-address","streetAddress":"Travessia de les Barques, 3 - 1\u00ba","addressLocality":"Elche","postalCode":"03203","addressRegion":"Alicante","addressCountry":"ES"},{"@type":"ImageObject","inLanguage":"en-US","@id":"https:\/\/evolmk.com\/en\/contact\/#local-main-organization-logo","url":"https:\/\/evolmk.com\/wp-content\/uploads\/2017\/06\/evolmk-logo-horizontal-500x-2.png","contentUrl":"https:\/\/evolmk.com\/wp-content\/uploads\/2017\/06\/evolmk-logo-horizontal-500x-2.png","width":1746,"height":464,"caption":"Evol Marketing"}]},"geo.placename":"Elche","geo.position":{"lat":"38.2643043","long":"0.701269"},"geo.region":"Spain"},"_links":{"self":[{"href":"https:\/\/evolmk.com\/en\/wp-json\/wp\/v2\/pages\/4891","targetHints":{"allow":["GET"]}}],"collection":[{"href":"https:\/\/evolmk.com\/en\/wp-json\/wp\/v2\/pages"}],"about":[{"href":"https:\/\/evolmk.com\/en\/wp-json\/wp\/v2\/types\/page"}],"author":[{"embeddable":true,"href":"https:\/\/evolmk.com\/en\/wp-json\/wp\/v2\/users\/1"}],"replies":[{"embeddable":true,"href":"https:\/\/evolmk.com\/en\/wp-json\/wp\/v2\/comments?post=4891"}],"version-history":[{"count":5,"href":"https:\/\/evolmk.com\/en\/wp-json\/wp\/v2\/pages\/4891\/revisions"}],"predecessor-version":[{"id":6579,"href":"https:\/\/evolmk.com\/en\/wp-json\/wp\/v2\/pages\/4891\/revisions\/6579"}],"wp:featuredmedia":[{"embeddable":true,"href":"https:\/\/evolmk.com\/en\/wp-json\/wp\/v2\/media\/4811"}],"wp:attachment":[{"href":"https:\/\/evolmk.com\/en\/wp-json\/wp\/v2\/media?parent=4891"}],"curies":[{"name":"wp","href":"https:\/\/api.w.org\/{rel}","templated":true}]}}